{"id":26372,"date":"2023-07-25T01:33:45","date_gmt":"2023-07-24T22:33:45","guid":{"rendered":"https:\/\/karcher-center-palaiologos.gr\/product\/facade-amp-glass-cleaning-attachment\/"},"modified":"2023-12-03T22:09:52","modified_gmt":"2023-12-03T19:09:52","slug":"facade-amp-glass-cleaning-attachment","status":"publish","type":"product","link":"https:\/\/dev.karcher-center-palaiologos.gr\/en\/product\/facade-amp-glass-cleaning-attachment\/","title":{"rendered":"Fa\u00e7ade &#038; glass cleaning attachment"},"content":{"rendered":"<p>Uniform and highly effective cleaning: the four high-pressure nozzles eliminate stubborn dirt on various surfaces. Depending on the application, the interchangeable frame can be exchanged easily and quickly. The frame with bristles for cleaning fa\u00e7ades and walls protects the user against spray water and can also be moved gently along the surface. For cleaning glass surfaces, such as conservatories, the frame with microfibre pad, which is attached by hook-and-loop, is perfect. The abrasive fibres support the dirt removal and guarantee gentle cleaning of the surfaces.<\/p>\n","protected":false},"excerpt":{"rendered":"<p>Fa\u00e7ades and glass surfaces are optimally cleaned at high pressure with the fa\u00e7ade and glass cleaning attachment. Particularly efficient in combination with the K\u00e4rcher telescopic spray lance.<\/p>\n","protected":false},"featured_media":10405,"comment_status":"closed","ping_status":"open","template":"","meta":{"_acf_changed":false,"site-sidebar-layout":"default","site-content-layout":"","ast-site-content-layout":"","site-content-style":"default","site-sidebar-style":"default","ast-global-header-display":"","ast-banner-title-visibility":"","ast-main-header-display":"","ast-hfb-above-header-display":"","ast-hfb-below-header-display":"","ast-hfb-mobile-header-display":"","site-post-title":"","ast-breadcrumbs-content":"","ast-featured-img":"","footer-sml-layout":"","theme-transparent-header-meta":"","adv-header-id-meta":"","stick-header-meta":"","header-above-stick-meta":"","header-main-stick-meta":"","header-below-stick-meta":"","astra-migrate-meta-layouts":"","ast-page-background-enabled":"default","ast-page-background-meta":{"desktop":{"background-color":"var(--ast-global-color-4)","background-image":"","background-repeat":"repeat","background-position":"center center","background-size":"auto","background-attachment":"scroll","background-type":"","background-media":"","overlay-type":"","overlay-color":"","overlay-gradient":""},"tablet":{"background-color":"","background-image":"","background-repeat":"repeat","background-position":"center center","background-size":"auto","background-attachment":"scroll","background-type":"","background-media":"","overlay-type":"","overlay-color":"","overlay-gradient":""},"mobile":{"background-color":"","background-image":"","background-repeat":"repeat","background-position":"center center","background-size":"auto","background-attachment":"scroll","background-type":"","background-media":"","overlay-type":"","overlay-color":"","overlay-gradient":""}},"ast-content-background-meta":{"desktop":{"background-color":"var(--ast-global-color-5)","background-image":"","background-repeat":"repeat","background-position":"center center","background-size":"auto","background-attachment":"scroll","background-type":"","background-media":"","overlay-type":"","overlay-color":"","overlay-gradient":""},"tablet":{"background-color":"var(--ast-global-color-5)","background-image":"","background-repeat":"repeat","background-position":"center center","background-size":"auto","background-attachment":"scroll","background-type":"","background-media":"","overlay-type":"","overlay-color":"","overlay-gradient":""},"mobile":{"background-color":"var(--ast-global-color-5)","background-image":"","background-repeat":"repeat","background-position":"center center","background-size":"auto","background-attachment":"scroll","background-type":"","background-media":"","overlay-type":"","overlay-color":"","overlay-gradient":""}}},"product_cat":[10302],"product_tag":[],"class_list":["post-26372","product","type-product","status-publish","has-post-thumbnail","hentry","product_cat-spray-lances","pa_dimensions-l-x-w-x-h-194-x-338-x-160mm","pa_fabric-fibre-composition-70-polyester-30-polyamid","pa_weight-0-6kg","pa_weight-incl-packaging-0-9kg","desktop-align-left","tablet-align-left","mobile-align-left"],"acf":[],"yoast_head":"<!-- This site is optimized with the Yoast SEO plugin v21.5 - https:\/\/yoast.com\/wordpress\/plugins\/seo\/ -->\n<title>Fa\u00e7ade &amp; glass cleaning attachment<\/title>\n<meta name=\"description\" content=\"Fa\u00e7ades and glass surfaces are optimally cleaned at high pressure with the fa\u00e7ade and glass cleaning attachment. Particularly efficient in combination with the K\u00e4rcher telescopic spray lance.\" \/>\n<meta name=\"robots\" content=\"noindex, follow, max-snippet:-1, max-image-preview:large, max-video-preview:-1\" \/>\n<meta property=\"og:locale\" content=\"en_US\" \/>\n<meta property=\"og:type\" content=\"article\" \/>\n<meta property=\"og:title\" content=\"Fa\u00e7ade &amp; glass cleaning attachment\" \/>\n<meta property=\"og:description\" content=\"Fa\u00e7ades and glass surfaces are optimally cleaned at high pressure with the fa\u00e7ade and glass cleaning attachment. Particularly efficient in combination with the K\u00e4rcher telescopic spray lance.\" \/>\n<meta property=\"og:url\" content=\"https:\/\/dev.karcher-center-palaiologos.gr\/en\/product\/facade-amp-glass-cleaning-attachment\/\" \/>\n<meta property=\"og:site_name\" content=\"Karcher Center Palaiologos\" \/>\n<meta property=\"article:modified_time\" content=\"2023-12-03T19:09:52+00:00\" \/>\n<meta property=\"og:image\" content=\"https:\/\/dev.karcher-center-palaiologos.gr\/wp-content\/uploads\/2022\/07\/2644191_std_04_2000x2000px.jpg\" \/>\n\t<meta property=\"og:image:width\" content=\"2000\" \/>\n\t<meta property=\"og:image:height\" content=\"2000\" \/>\n\t<meta property=\"og:image:type\" content=\"image\/jpeg\" \/>\n<meta name=\"twitter:card\" content=\"summary_large_image\" \/>\n<meta name=\"twitter:title\" content=\"Fa\u00e7ade &amp; glass cleaning attachment\" \/>\n<script type=\"application\/ld+json\" class=\"yoast-schema-graph\">{\"@context\":\"https:\/\/schema.org\",\"@graph\":[{\"@type\":\"WebPage\",\"@id\":\"https:\/\/dev.karcher-center-palaiologos.gr\/en\/product\/facade-amp-glass-cleaning-attachment\/\",\"url\":\"https:\/\/dev.karcher-center-palaiologos.gr\/en\/product\/facade-amp-glass-cleaning-attachment\/\",\"name\":\"Fa\u00e7ade & glass cleaning attachment\",\"isPartOf\":{\"@id\":\"https:\/\/dev.karcher-center-palaiologos.gr\/en\/#website\"},\"datePublished\":\"2023-07-24T22:33:45+00:00\",\"dateModified\":\"2023-12-03T19:09:52+00:00\",\"description\":\"Fa\u00e7ades and glass surfaces are optimally cleaned at high pressure with the fa\u00e7ade and glass cleaning attachment. Particularly efficient in combination with the K\u00e4rcher telescopic spray lance.\",\"breadcrumb\":{\"@id\":\"https:\/\/dev.karcher-center-palaiologos.gr\/en\/product\/facade-amp-glass-cleaning-attachment\/#breadcrumb\"},\"inLanguage\":\"en-US\",\"potentialAction\":[{\"@type\":\"ReadAction\",\"target\":[\"https:\/\/dev.karcher-center-palaiologos.gr\/en\/product\/facade-amp-glass-cleaning-attachment\/\"]}]},{\"@type\":\"BreadcrumbList\",\"@id\":\"https:\/\/dev.karcher-center-palaiologos.gr\/en\/product\/facade-amp-glass-cleaning-attachment\/#breadcrumb\",\"itemListElement\":[{\"@type\":\"ListItem\",\"position\":1,\"name\":\"\u0391\u03c1\u03c7\u03b9\u03ba\u03ae\",\"item\":\"https:\/\/dev.karcher-center-palaiologos.gr\/en\/\"},{\"@type\":\"ListItem\",\"position\":2,\"name\":\"Shop\",\"item\":\"https:\/\/dev.karcher-center-palaiologos.gr\/shop\/\"},{\"@type\":\"ListItem\",\"position\":3,\"name\":\"Fa\u00e7ade &#038; glass cleaning attachment\"}]},{\"@type\":\"WebSite\",\"@id\":\"https:\/\/dev.karcher-center-palaiologos.gr\/en\/#website\",\"url\":\"https:\/\/dev.karcher-center-palaiologos.gr\/en\/\",\"name\":\"Karcher Center Palaiologos\",\"description\":\"Karcher Center B2B\",\"potentialAction\":[{\"@type\":\"SearchAction\",\"target\":{\"@type\":\"EntryPoint\",\"urlTemplate\":\"https:\/\/dev.karcher-center-palaiologos.gr\/en\/?s={search_term_string}\"},\"query-input\":\"required name=search_term_string\"}],\"inLanguage\":\"en-US\"}]}<\/script>\n<!-- \/ Yoast SEO plugin. -->","yoast_head_json":{"title":"Fa\u00e7ade & glass cleaning attachment","description":"Fa\u00e7ades and glass surfaces are optimally cleaned at high pressure with the fa\u00e7ade and glass cleaning attachment. Particularly efficient in combination with the K\u00e4rcher telescopic spray lance.","robots":{"index":"noindex","follow":"follow","max-snippet":"max-snippet:-1","max-image-preview":"max-image-preview:large","max-video-preview":"max-video-preview:-1"},"og_locale":"en_US","og_type":"article","og_title":"Fa\u00e7ade & glass cleaning attachment","og_description":"Fa\u00e7ades and glass surfaces are optimally cleaned at high pressure with the fa\u00e7ade and glass cleaning attachment. Particularly efficient in combination with the K\u00e4rcher telescopic spray lance.","og_url":"https:\/\/dev.karcher-center-palaiologos.gr\/en\/product\/facade-amp-glass-cleaning-attachment\/","og_site_name":"Karcher Center Palaiologos","article_modified_time":"2023-12-03T19:09:52+00:00","og_image":[{"width":2000,"height":2000,"url":"https:\/\/dev.karcher-center-palaiologos.gr\/wp-content\/uploads\/2022\/07\/2644191_std_04_2000x2000px.jpg","type":"image\/jpeg"}],"twitter_card":"summary_large_image","twitter_title":"Fa\u00e7ade & glass cleaning attachment","schema":{"@context":"https:\/\/schema.org","@graph":[{"@type":"WebPage","@id":"https:\/\/dev.karcher-center-palaiologos.gr\/en\/product\/facade-amp-glass-cleaning-attachment\/","url":"https:\/\/dev.karcher-center-palaiologos.gr\/en\/product\/facade-amp-glass-cleaning-attachment\/","name":"Fa\u00e7ade & glass cleaning attachment","isPartOf":{"@id":"https:\/\/dev.karcher-center-palaiologos.gr\/en\/#website"},"datePublished":"2023-07-24T22:33:45+00:00","dateModified":"2023-12-03T19:09:52+00:00","description":"Fa\u00e7ades and glass surfaces are optimally cleaned at high pressure with the fa\u00e7ade and glass cleaning attachment. Particularly efficient in combination with the K\u00e4rcher telescopic spray lance.","breadcrumb":{"@id":"https:\/\/dev.karcher-center-palaiologos.gr\/en\/product\/facade-amp-glass-cleaning-attachment\/#breadcrumb"},"inLanguage":"en-US","potentialAction":[{"@type":"ReadAction","target":["https:\/\/dev.karcher-center-palaiologos.gr\/en\/product\/facade-amp-glass-cleaning-attachment\/"]}]},{"@type":"BreadcrumbList","@id":"https:\/\/dev.karcher-center-palaiologos.gr\/en\/product\/facade-amp-glass-cleaning-attachment\/#breadcrumb","itemListElement":[{"@type":"ListItem","position":1,"name":"\u0391\u03c1\u03c7\u03b9\u03ba\u03ae","item":"https:\/\/dev.karcher-center-palaiologos.gr\/en\/"},{"@type":"ListItem","position":2,"name":"Shop","item":"https:\/\/dev.karcher-center-palaiologos.gr\/shop\/"},{"@type":"ListItem","position":3,"name":"Fa\u00e7ade &#038; glass cleaning attachment"}]},{"@type":"WebSite","@id":"https:\/\/dev.karcher-center-palaiologos.gr\/en\/#website","url":"https:\/\/dev.karcher-center-palaiologos.gr\/en\/","name":"Karcher Center Palaiologos","description":"Karcher Center B2B","potentialAction":[{"@type":"SearchAction","target":{"@type":"EntryPoint","urlTemplate":"https:\/\/dev.karcher-center-palaiologos.gr\/en\/?s={search_term_string}"},"query-input":"required name=search_term_string"}],"inLanguage":"en-US"}]}},"_links":{"self":[{"href":"https:\/\/dev.karcher-center-palaiologos.gr\/en\/wp-json\/wp\/v2\/product\/26372","targetHints":{"allow":["GET"]}}],"collection":[{"href":"https:\/\/dev.karcher-center-palaiologos.gr\/en\/wp-json\/wp\/v2\/product"}],"about":[{"href":"https:\/\/dev.karcher-center-palaiologos.gr\/en\/wp-json\/wp\/v2\/types\/product"}],"replies":[{"embeddable":true,"href":"https:\/\/dev.karcher-center-palaiologos.gr\/en\/wp-json\/wp\/v2\/comments?post=26372"}],"wp:featuredmedia":[{"embeddable":true,"href":"https:\/\/dev.karcher-center-palaiologos.gr\/en\/wp-json\/wp\/v2\/media\/10405"}],"wp:attachment":[{"href":"https:\/\/dev.karcher-center-palaiologos.gr\/en\/wp-json\/wp\/v2\/media?parent=26372"}],"wp:term":[{"taxonomy":"product_cat","embeddable":true,"href":"https:\/\/dev.karcher-center-palaiologos.gr\/en\/wp-json\/wp\/v2\/product_cat?post=26372"},{"taxonomy":"product_tag","embeddable":true,"href":"https:\/\/dev.karcher-center-palaiologos.gr\/en\/wp-json\/wp\/v2\/product_tag?post=26372"}],"curies":[{"name":"wp","href":"https:\/\/api.w.org\/{rel}","templated":true}]}}