{"id":26390,"date":"2023-07-25T01:35:12","date_gmt":"2023-07-24T22:35:12","guid":{"rendered":"https:\/\/karcher-center-palaiologos.gr\/product\/facade-amp-glass-cleaning-kit\/"},"modified":"2023-12-03T22:09:55","modified_gmt":"2023-12-03T19:09:55","slug":"facade-amp-glass-cleaning-kit","status":"publish","type":"product","link":"https:\/\/dev.karcher-center-palaiologos.gr\/en\/product\/facade-amp-glass-cleaning-kit\/","title":{"rendered":"Fa\u00e7ade &#038; glass cleaning kit"},"content":{"rendered":"<p>With the telescopic spray lance even areas that are difficult to access such as under fa\u00e7ades can be cleaned quickly and effortlessly. The 180 degree adjustable hinge is another advantage and makes possible the cleaning of conservatories, slanting roofs and carports. Through operation with the fa\u00e7ade and glass cleaning attachment, any areas that are difficult to access are cleaned evenly and effectively: The four high-pressure nozzles eliminate stubborn dirt on various surfaces.<\/p>\n","protected":false},"excerpt":{"rendered":"<p>Set comprising the telescopic spray lance TLA 4 and the fa\u00e7ade and glass cleaning attachment. For easy cleaning of objects that are difficult to access such as house fa\u00e7ades or conservatories.<\/p>\n","protected":false},"featured_media":10763,"comment_status":"closed","ping_status":"open","template":"","meta":{"_acf_changed":false,"site-sidebar-layout":"default","site-content-layout":"","ast-site-content-layout":"","site-content-style":"default","site-sidebar-style":"default","ast-global-header-display":"","ast-banner-title-visibility":"","ast-main-header-display":"","ast-hfb-above-header-display":"","ast-hfb-below-header-display":"","ast-hfb-mobile-header-display":"","site-post-title":"","ast-breadcrumbs-content":"","ast-featured-img":"","footer-sml-layout":"","theme-transparent-header-meta":"","adv-header-id-meta":"","stick-header-meta":"","header-above-stick-meta":"","header-main-stick-meta":"","header-below-stick-meta":"","astra-migrate-meta-layouts":"","ast-page-background-enabled":"default","ast-page-background-meta":{"desktop":{"background-color":"var(--ast-global-color-4)","background-image":"","background-repeat":"repeat","background-position":"center center","background-size":"auto","background-attachment":"scroll","background-type":"","background-media":"","overlay-type":"","overlay-color":"","overlay-gradient":""},"tablet":{"background-color":"","background-image":"","background-repeat":"repeat","background-position":"center center","background-size":"auto","background-attachment":"scroll","background-type":"","background-media":"","overlay-type":"","overlay-color":"","overlay-gradient":""},"mobile":{"background-color":"","background-image":"","background-repeat":"repeat","background-position":"center center","background-size":"auto","background-attachment":"scroll","background-type":"","background-media":"","overlay-type":"","overlay-color":"","overlay-gradient":""}},"ast-content-background-meta":{"desktop":{"background-color":"var(--ast-global-color-5)","background-image":"","background-repeat":"repeat","background-position":"center center","background-size":"auto","background-attachment":"scroll","background-type":"","background-media":"","overlay-type":"","overlay-color":"","overlay-gradient":""},"tablet":{"background-color":"var(--ast-global-color-5)","background-image":"","background-repeat":"repeat","background-position":"center center","background-size":"auto","background-attachment":"scroll","background-type":"","background-media":"","overlay-type":"","overlay-color":"","overlay-gradient":""},"mobile":{"background-color":"var(--ast-global-color-5)","background-image":"","background-repeat":"repeat","background-position":"center center","background-size":"auto","background-attachment":"scroll","background-type":"","background-media":"","overlay-type":"","overlay-color":"","overlay-gradient":""}}},"product_cat":[10302],"product_tag":[],"class_list":["post-26390","product","type-product","status-publish","has-post-thumbnail","hentry","product_cat-spray-lances","pa_dimensions-l-x-w-x-h-3780-x-338-x-223mm","pa_weight-3-4kg","pa_weight-incl-packaging-4-6kg","desktop-align-left","tablet-align-left","mobile-align-left"],"acf":[],"yoast_head":"<!-- This site is optimized with the Yoast SEO plugin v21.5 - https:\/\/yoast.com\/wordpress\/plugins\/seo\/ -->\n<title>Fa\u00e7ade &amp; glass cleaning kit<\/title>\n<meta name=\"description\" content=\"Set comprising the telescopic spray lance TLA 4 and the fa\u00e7ade and glass cleaning attachment. For easy cleaning of objects that are difficult to access such as house fa\u00e7ades or conservatories.\" \/>\n<meta name=\"robots\" content=\"noindex, follow, max-snippet:-1, max-image-preview:large, max-video-preview:-1\" \/>\n<meta property=\"og:locale\" content=\"en_US\" \/>\n<meta property=\"og:type\" content=\"article\" \/>\n<meta property=\"og:title\" content=\"Fa\u00e7ade &amp; glass cleaning kit\" \/>\n<meta property=\"og:description\" content=\"Set comprising the telescopic spray lance TLA 4 and the fa\u00e7ade and glass cleaning attachment. For easy cleaning of objects that are difficult to access such as house fa\u00e7ades or conservatories.\" \/>\n<meta property=\"og:url\" content=\"https:\/\/dev.karcher-center-palaiologos.gr\/en\/product\/facade-amp-glass-cleaning-kit\/\" \/>\n<meta property=\"og:site_name\" content=\"Karcher Center Palaiologos\" \/>\n<meta property=\"article:modified_time\" content=\"2023-12-03T19:09:55+00:00\" \/>\n<meta property=\"og:image\" content=\"https:\/\/dev.karcher-center-palaiologos.gr\/wp-content\/uploads\/2022\/07\/2644249_std_01_2000x2000px.jpg\" \/>\n\t<meta property=\"og:image:width\" content=\"2000\" \/>\n\t<meta property=\"og:image:height\" content=\"2000\" \/>\n\t<meta property=\"og:image:type\" content=\"image\/jpeg\" \/>\n<meta name=\"twitter:card\" content=\"summary_large_image\" \/>\n<meta name=\"twitter:title\" content=\"Fa\u00e7ade &amp; glass cleaning kit\" \/>\n<script type=\"application\/ld+json\" class=\"yoast-schema-graph\">{\"@context\":\"https:\/\/schema.org\",\"@graph\":[{\"@type\":\"WebPage\",\"@id\":\"https:\/\/dev.karcher-center-palaiologos.gr\/en\/product\/facade-amp-glass-cleaning-kit\/\",\"url\":\"https:\/\/dev.karcher-center-palaiologos.gr\/en\/product\/facade-amp-glass-cleaning-kit\/\",\"name\":\"Fa\u00e7ade & glass cleaning kit\",\"isPartOf\":{\"@id\":\"https:\/\/dev.karcher-center-palaiologos.gr\/en\/#website\"},\"datePublished\":\"2023-07-24T22:35:12+00:00\",\"dateModified\":\"2023-12-03T19:09:55+00:00\",\"description\":\"Set comprising the telescopic spray lance TLA 4 and the fa\u00e7ade and glass cleaning attachment. For easy cleaning of objects that are difficult to access such as house fa\u00e7ades or conservatories.\",\"breadcrumb\":{\"@id\":\"https:\/\/dev.karcher-center-palaiologos.gr\/en\/product\/facade-amp-glass-cleaning-kit\/#breadcrumb\"},\"inLanguage\":\"en-US\",\"potentialAction\":[{\"@type\":\"ReadAction\",\"target\":[\"https:\/\/dev.karcher-center-palaiologos.gr\/en\/product\/facade-amp-glass-cleaning-kit\/\"]}]},{\"@type\":\"BreadcrumbList\",\"@id\":\"https:\/\/dev.karcher-center-palaiologos.gr\/en\/product\/facade-amp-glass-cleaning-kit\/#breadcrumb\",\"itemListElement\":[{\"@type\":\"ListItem\",\"position\":1,\"name\":\"\u0391\u03c1\u03c7\u03b9\u03ba\u03ae\",\"item\":\"https:\/\/dev.karcher-center-palaiologos.gr\/en\/\"},{\"@type\":\"ListItem\",\"position\":2,\"name\":\"Shop\",\"item\":\"https:\/\/dev.karcher-center-palaiologos.gr\/shop\/\"},{\"@type\":\"ListItem\",\"position\":3,\"name\":\"Fa\u00e7ade &#038; glass cleaning kit\"}]},{\"@type\":\"WebSite\",\"@id\":\"https:\/\/dev.karcher-center-palaiologos.gr\/en\/#website\",\"url\":\"https:\/\/dev.karcher-center-palaiologos.gr\/en\/\",\"name\":\"Karcher Center Palaiologos\",\"description\":\"Karcher Center B2B\",\"potentialAction\":[{\"@type\":\"SearchAction\",\"target\":{\"@type\":\"EntryPoint\",\"urlTemplate\":\"https:\/\/dev.karcher-center-palaiologos.gr\/en\/?s={search_term_string}\"},\"query-input\":\"required name=search_term_string\"}],\"inLanguage\":\"en-US\"}]}<\/script>\n<!-- \/ Yoast SEO plugin. -->","yoast_head_json":{"title":"Fa\u00e7ade & glass cleaning kit","description":"Set comprising the telescopic spray lance TLA 4 and the fa\u00e7ade and glass cleaning attachment. For easy cleaning of objects that are difficult to access such as house fa\u00e7ades or conservatories.","robots":{"index":"noindex","follow":"follow","max-snippet":"max-snippet:-1","max-image-preview":"max-image-preview:large","max-video-preview":"max-video-preview:-1"},"og_locale":"en_US","og_type":"article","og_title":"Fa\u00e7ade & glass cleaning kit","og_description":"Set comprising the telescopic spray lance TLA 4 and the fa\u00e7ade and glass cleaning attachment. For easy cleaning of objects that are difficult to access such as house fa\u00e7ades or conservatories.","og_url":"https:\/\/dev.karcher-center-palaiologos.gr\/en\/product\/facade-amp-glass-cleaning-kit\/","og_site_name":"Karcher Center Palaiologos","article_modified_time":"2023-12-03T19:09:55+00:00","og_image":[{"width":2000,"height":2000,"url":"https:\/\/dev.karcher-center-palaiologos.gr\/wp-content\/uploads\/2022\/07\/2644249_std_01_2000x2000px.jpg","type":"image\/jpeg"}],"twitter_card":"summary_large_image","twitter_title":"Fa\u00e7ade & glass cleaning kit","schema":{"@context":"https:\/\/schema.org","@graph":[{"@type":"WebPage","@id":"https:\/\/dev.karcher-center-palaiologos.gr\/en\/product\/facade-amp-glass-cleaning-kit\/","url":"https:\/\/dev.karcher-center-palaiologos.gr\/en\/product\/facade-amp-glass-cleaning-kit\/","name":"Fa\u00e7ade & glass cleaning kit","isPartOf":{"@id":"https:\/\/dev.karcher-center-palaiologos.gr\/en\/#website"},"datePublished":"2023-07-24T22:35:12+00:00","dateModified":"2023-12-03T19:09:55+00:00","description":"Set comprising the telescopic spray lance TLA 4 and the fa\u00e7ade and glass cleaning attachment. For easy cleaning of objects that are difficult to access such as house fa\u00e7ades or conservatories.","breadcrumb":{"@id":"https:\/\/dev.karcher-center-palaiologos.gr\/en\/product\/facade-amp-glass-cleaning-kit\/#breadcrumb"},"inLanguage":"en-US","potentialAction":[{"@type":"ReadAction","target":["https:\/\/dev.karcher-center-palaiologos.gr\/en\/product\/facade-amp-glass-cleaning-kit\/"]}]},{"@type":"BreadcrumbList","@id":"https:\/\/dev.karcher-center-palaiologos.gr\/en\/product\/facade-amp-glass-cleaning-kit\/#breadcrumb","itemListElement":[{"@type":"ListItem","position":1,"name":"\u0391\u03c1\u03c7\u03b9\u03ba\u03ae","item":"https:\/\/dev.karcher-center-palaiologos.gr\/en\/"},{"@type":"ListItem","position":2,"name":"Shop","item":"https:\/\/dev.karcher-center-palaiologos.gr\/shop\/"},{"@type":"ListItem","position":3,"name":"Fa\u00e7ade &#038; glass cleaning kit"}]},{"@type":"WebSite","@id":"https:\/\/dev.karcher-center-palaiologos.gr\/en\/#website","url":"https:\/\/dev.karcher-center-palaiologos.gr\/en\/","name":"Karcher Center Palaiologos","description":"Karcher Center B2B","potentialAction":[{"@type":"SearchAction","target":{"@type":"EntryPoint","urlTemplate":"https:\/\/dev.karcher-center-palaiologos.gr\/en\/?s={search_term_string}"},"query-input":"required name=search_term_string"}],"inLanguage":"en-US"}]}},"_links":{"self":[{"href":"https:\/\/dev.karcher-center-palaiologos.gr\/en\/wp-json\/wp\/v2\/product\/26390","targetHints":{"allow":["GET"]}}],"collection":[{"href":"https:\/\/dev.karcher-center-palaiologos.gr\/en\/wp-json\/wp\/v2\/product"}],"about":[{"href":"https:\/\/dev.karcher-center-palaiologos.gr\/en\/wp-json\/wp\/v2\/types\/product"}],"replies":[{"embeddable":true,"href":"https:\/\/dev.karcher-center-palaiologos.gr\/en\/wp-json\/wp\/v2\/comments?post=26390"}],"wp:featuredmedia":[{"embeddable":true,"href":"https:\/\/dev.karcher-center-palaiologos.gr\/en\/wp-json\/wp\/v2\/media\/10763"}],"wp:attachment":[{"href":"https:\/\/dev.karcher-center-palaiologos.gr\/en\/wp-json\/wp\/v2\/media?parent=26390"}],"wp:term":[{"taxonomy":"product_cat","embeddable":true,"href":"https:\/\/dev.karcher-center-palaiologos.gr\/en\/wp-json\/wp\/v2\/product_cat?post=26390"},{"taxonomy":"product_tag","embeddable":true,"href":"https:\/\/dev.karcher-center-palaiologos.gr\/en\/wp-json\/wp\/v2\/product_tag?post=26390"}],"curies":[{"name":"wp","href":"https:\/\/api.w.org\/{rel}","templated":true}]}}